{"id":50924,"date":"2024-07-02T07:54:47","date_gmt":"2024-07-02T07:54:47","guid":{"rendered":"https:\/\/argonauta.hr\/?page_id=50924"},"modified":"2024-07-18T09:36:21","modified_gmt":"2024-07-18T09:36:21","slug":"izjava-o-privatnosti","status":"publish","type":"page","link":"https:\/\/argonauta.hr\/en\/izjava-o-privatnosti\/","title":{"rendered":"Privacy policy"},"content":{"rendered":"<div data-elementor-type=\"wp-page\" data-elementor-id=\"50924\" class=\"elementor elementor-50924\">\n\t\t\t\t<div class=\"elementor-element elementor-element-0cae419 e-flex e-con-boxed e-con e-parent\" data-id=\"0cae419\" data-element_type=\"container\">\n\t\t\t\t\t<div class=\"e-con-inner\">\n\t\t<div class=\"elementor-element elementor-element-00d037a e-con-full e-flex e-con e-child\" data-id=\"00d037a\" data-element_type=\"container\">\n\t\t\t\t<div class=\"elementor-element elementor-element-ba3f284 elementor-widget elementor-widget-text-editor\" data-id=\"ba3f284\" data-element_type=\"widget\" data-widget_type=\"text-editor.default\">\n\t\t\t\t<div class=\"elementor-widget-container\">\n\t\t\t<style>\/*! elementor - v3.22.0 - 26-06-2024 *\/\n.elementor-widget-text-editor.elementor-drop-cap-view-stacked .elementor-drop-cap{background-color:#69727d;color:#fff}.elementor-widget-text-editor.elementor-drop-cap-view-framed .elementor-drop-cap{color:#69727d;border:3px solid;background-color:transparent}.elementor-widget-text-editor:not(.elementor-drop-cap-view-default) .elementor-drop-cap{margin-top:8px}.elementor-widget-text-editor:not(.elementor-drop-cap-view-default) .elementor-drop-cap-letter{width:1em;height:1em}.elementor-widget-text-editor .elementor-drop-cap{float:left;text-align:center;line-height:1;font-size:50px}.elementor-widget-text-editor .elementor-drop-cap-letter{display:inline-block}<\/style>\t\t\t\t<p><span>Ova pravila o privatnosti sastavljena su kako bi slu\u017eila onima koji su zabrinuti kako se njihovi osobni podaci koriste na Internetu. Osobni podaci, kako su definirani temeljem Zakona o za\u0161titi osobnih podataka, su podaci koji se mogu koristiti samostalno ili s drugim podacima za identifikaciju, kontakt ili pronala\u017eenje osobe, ili kako bi se identificiralo pojedinca. Molimo vas da pa\u017eljivo pro\u010ditate na\u0161a pravila o privatnosti kako biste jasno razumjeli kako \u0107emo prikupljati, koristiti, \u0161tititi ili na drugi na\u010din obra\u0111ivati va\u0161e osobne podatke na na\u0161oj web stranici.<\/span><\/p>\t\t\t\t\t\t<\/div>\n\t\t\t\t<\/div>\n\t\t<div class=\"elementor-element elementor-element-0f058c5 e-con-full e-flex e-con e-child\" data-id=\"0f058c5\" data-element_type=\"container\">\n\t\t\t\t<div class=\"elementor-element elementor-element-20dc92b elementor-widget elementor-widget-heading\" data-id=\"20dc92b\" data-element_type=\"widget\" data-widget_type=\"heading.default\">\n\t\t\t\t<div class=\"elementor-widget-container\">\n\t\t\t<style>\/*! elementor - v3.22.0 - 26-06-2024 *\/\n.elementor-heading-title{padding:0;margin:0;line-height:1}.elementor-widget-heading .elementor-heading-title[class*=elementor-size-]>a{color:inherit;font-size:inherit;line-height:inherit}.elementor-widget-heading .elementor-heading-title.elementor-size-small{font-size:15px}.elementor-widget-heading .elementor-heading-title.elementor-size-medium{font-size:19px}.elementor-widget-heading .elementor-heading-title.elementor-size-large{font-size:29px}.elementor-widget-heading .elementor-heading-title.elementor-size-xl{font-size:39px}.elementor-widget-heading .elementor-heading-title.elementor-size-xxl{font-size:59px}<\/style><h4 class=\"elementor-heading-title elementor-size-default\">Koje osobne podatke skupljamo od posjetitelja na\u0161e web stranice?<\/h4>\t\t<\/div>\n\t\t\t\t<\/div>\n\t\t\t\t<div class=\"elementor-element elementor-element-864de55 elementor-widget elementor-widget-text-editor\" data-id=\"864de55\" data-element_type=\"widget\" data-widget_type=\"text-editor.default\">\n\t\t\t\t<div class=\"elementor-widget-container\">\n\t\t\t\t\t\t\t<p>Prilikom prijave na newsletter (sustav za primanje obavijesti) pohranjujemo va\u0161u e-mail adresu i ime s kojim ste se registrirali a koje ne mora nu\u017eno odgovarati va\u0161em stvarnom imenu.<\/p><p>Ne odgovaramo za krivo une\u0161ene podatke poput pogre\u0161ne e-mail adrese ili krivo une\u0161enog imena.<\/p>\t\t\t\t\t\t<\/div>\n\t\t\t\t<\/div>\n\t\t\t\t<\/div>\n\t\t<div class=\"elementor-element elementor-element-6268f0c e-con-full e-flex e-con e-child\" data-id=\"6268f0c\" data-element_type=\"container\">\n\t\t\t\t<div class=\"elementor-element elementor-element-a113533 elementor-widget elementor-widget-heading\" data-id=\"a113533\" data-element_type=\"widget\" data-widget_type=\"heading.default\">\n\t\t\t\t<div class=\"elementor-widget-container\">\n\t\t\t<h4 class=\"elementor-heading-title elementor-size-default\">Kada prikupljamo podatke?<\/h4>\t\t<\/div>\n\t\t\t\t<\/div>\n\t\t\t\t<div class=\"elementor-element elementor-element-329be1e elementor-widget elementor-widget-text-editor\" data-id=\"329be1e\" data-element_type=\"widget\" data-widget_type=\"text-editor.default\">\n\t\t\t\t<div class=\"elementor-widget-container\">\n\t\t\t\t\t\t\t<p><span>Prikupljamo podatke prilikom prijave na newsletter i prilikom slanja upita kroz kontakt obrazac.<\/span><\/p>\t\t\t\t\t\t<\/div>\n\t\t\t\t<\/div>\n\t\t\t\t<\/div>\n\t\t<div class=\"elementor-element elementor-element-1cbfe51 e-con-full e-flex e-con e-child\" data-id=\"1cbfe51\" data-element_type=\"container\">\n\t\t\t\t<div class=\"elementor-element elementor-element-f846408 elementor-widget elementor-widget-heading\" data-id=\"f846408\" data-element_type=\"widget\" data-widget_type=\"heading.default\">\n\t\t\t\t<div class=\"elementor-widget-container\">\n\t\t\t<h4 class=\"elementor-heading-title elementor-size-default\">Kako koristimo va\u0161e podatke?<\/h4>\t\t<\/div>\n\t\t\t\t<\/div>\n\t\t\t\t<div class=\"elementor-element elementor-element-c2355c4 elementor-widget elementor-widget-text-editor\" data-id=\"c2355c4\" data-element_type=\"widget\" data-widget_type=\"text-editor.default\">\n\t\t\t\t<div class=\"elementor-widget-container\">\n\t\t\t\t\t\t\t<p>Va\u0161e podatke koje prikupljamo prilikom prijave na newsletter i pregleda stranica koristimo u slijede\u0107e svrhe:<\/p><ul><li>za dostavu servisnih informacija za koje ste se pretplatili<\/li><li>za analitiku posjeta stranicama<\/li><\/ul>\t\t\t\t\t\t<\/div>\n\t\t\t\t<\/div>\n\t\t\t\t<\/div>\n\t\t<div class=\"elementor-element elementor-element-6aa4900 e-con-full e-flex e-con e-child\" data-id=\"6aa4900\" data-element_type=\"container\">\n\t\t\t\t<div class=\"elementor-element elementor-element-31ca0de elementor-widget elementor-widget-heading\" data-id=\"31ca0de\" data-element_type=\"widget\" data-widget_type=\"heading.default\">\n\t\t\t\t<div class=\"elementor-widget-container\">\n\t\t\t<h4 class=\"elementor-heading-title elementor-size-default\">Kako mo\u017eete tra\u017eiti brisanje va\u0161ih podataka?<\/h4>\t\t<\/div>\n\t\t\t\t<\/div>\n\t\t\t\t<div class=\"elementor-element elementor-element-dcdea30 elementor-widget elementor-widget-text-editor\" data-id=\"dcdea30\" data-element_type=\"widget\" data-widget_type=\"text-editor.default\">\n\t\t\t\t<div class=\"elementor-widget-container\">\n\t\t\t\t\t\t\t<p>Na dnu primljene e-mail obavijesti postoji link za odjavu ili po\u0161aljite e-mail poruku s adrese kojom ste registrirani u sustav na email koji je naveden na dnu stranice, te zatra\u017eite brisanje<\/p>\t\t\t\t\t\t<\/div>\n\t\t\t\t<\/div>\n\t\t\t\t<\/div>\n\t\t<div class=\"elementor-element elementor-element-092089a e-con-full e-flex e-con e-child\" data-id=\"092089a\" data-element_type=\"container\">\n\t\t\t\t<div class=\"elementor-element elementor-element-94d9b93 elementor-widget elementor-widget-heading\" data-id=\"94d9b93\" data-element_type=\"widget\" data-widget_type=\"heading.default\">\n\t\t\t\t<div class=\"elementor-widget-container\">\n\t\t\t<h4 class=\"elementor-heading-title elementor-size-default\">Kako \u0161titimo podatke o posjetiteljima?<\/h4>\t\t<\/div>\n\t\t\t\t<\/div>\n\t\t\t\t<div class=\"elementor-element elementor-element-79e9abc elementor-widget elementor-widget-text-editor\" data-id=\"79e9abc\" data-element_type=\"widget\" data-widget_type=\"text-editor.default\">\n\t\t\t\t<div class=\"elementor-widget-container\">\n\t\t\t\t\t\t\t<p>Na\u0161e web stranice su redovno nadzirane kako bi izbjegli sigurnosne propuste i poznate ranjivosti sustava kako bi vas posjet bio \u0161to sigurniji.<\/p><p>Redovno koristimo\u00a0malware scanning\u00a0i sukladni smo s PCI-DSS standardom.<\/p><p>Va\u0161i osobni podaci \u010duvaju se iza osigurane mre\u017ee te su isklju\u010divo dostupni samo ograni\u010denom broju osoba koje imaju posebna prava pristupa takvim sustavima, te su du\u017eni \u010duvati informacije tajnima.<\/p><p>Svaka va\u0161a komunikacija prema na\u0161im stranicama osigurana je naprednim SSL certifikatom sa 256 bitnom enkripcijom.<\/p><p>Va\u0161u sigurnost konekcije mo\u017eete provjeriti na\u00a0SSL Checkeru<\/p>\t\t\t\t\t\t<\/div>\n\t\t\t\t<\/div>\n\t\t\t\t<\/div>\n\t\t<div class=\"elementor-element elementor-element-b657ea0 e-con-full e-flex e-con e-child\" data-id=\"b657ea0\" data-element_type=\"container\">\n\t\t\t\t<div class=\"elementor-element elementor-element-0f16cc6 elementor-widget elementor-widget-heading\" data-id=\"0f16cc6\" data-element_type=\"widget\" data-widget_type=\"heading.default\">\n\t\t\t\t<div class=\"elementor-widget-container\">\n\t\t\t<h4 class=\"elementor-heading-title elementor-size-default\">Objava prema tre\u0107im stranama<\/h4>\t\t<\/div>\n\t\t\t\t<\/div>\n\t\t\t\t<div class=\"elementor-element elementor-element-f36cbc9 elementor-widget elementor-widget-text-editor\" data-id=\"f36cbc9\" data-element_type=\"widget\" data-widget_type=\"text-editor.default\">\n\t\t\t\t<div class=\"elementor-widget-container\">\n\t\t\t\t\t\t\t<p><span>Ne prodajemo, trgujemo ili na drugi na\u010din prenosimo vanjskim stranama va\u0161e osobne podatke.<\/span><\/p>\t\t\t\t\t\t<\/div>\n\t\t\t\t<\/div>\n\t\t\t\t<\/div>\n\t\t<div class=\"elementor-element elementor-element-a9eb8de e-con-full e-flex e-con e-child\" data-id=\"a9eb8de\" data-element_type=\"container\">\n\t\t\t\t<div class=\"elementor-element elementor-element-dd6bc1b elementor-widget elementor-widget-heading\" data-id=\"dd6bc1b\" data-element_type=\"widget\" data-widget_type=\"heading.default\">\n\t\t\t\t<div class=\"elementor-widget-container\">\n\t\t\t<h4 class=\"elementor-heading-title elementor-size-default\">Linkovi tre\u0107ih strana<\/h4>\t\t<\/div>\n\t\t\t\t<\/div>\n\t\t\t\t<div class=\"elementor-element elementor-element-231054a elementor-widget elementor-widget-text-editor\" data-id=\"231054a\" data-element_type=\"widget\" data-widget_type=\"text-editor.default\">\n\t\t\t\t<div class=\"elementor-widget-container\">\n\t\t\t\t\t\t\t<p><span>Povremeno, prema vlastitom naho\u0111enju, mo\u017eemo uklju\u010diti ili ponuditi informaciju ili uslugu tre\u0107e strane na na\u0161im stranicama. Stranice tre\u0107ih strana imaju odvojena i nezavisne pravila o privatnosti. Stoga nemamo odgovornost za sadr\u017eaj i aktivnosti na tim stranicama. Ipak, \u017eelimo za\u0161tititi integritet na\u0161e stranice i dobrodo\u0161le su bilo kakve povratne informacije o tim stranicama.<\/span><\/p>\t\t\t\t\t\t<\/div>\n\t\t\t\t<\/div>\n\t\t\t\t<\/div>\n\t\t<div class=\"elementor-element elementor-element-ba4a701 e-con-full e-flex e-con e-child\" data-id=\"ba4a701\" data-element_type=\"container\">\n\t\t\t\t<div class=\"elementor-element elementor-element-0576765 elementor-widget elementor-widget-heading\" data-id=\"0576765\" data-element_type=\"widget\" data-widget_type=\"heading.default\">\n\t\t\t\t<div class=\"elementor-widget-container\">\n\t\t\t<h4 class=\"elementor-heading-title elementor-size-default\">Komentari<\/h4>\t\t<\/div>\n\t\t\t\t<\/div>\n\t\t\t\t<div class=\"elementor-element elementor-element-6f71cda elementor-widget elementor-widget-text-editor\" data-id=\"6f71cda\" data-element_type=\"widget\" data-widget_type=\"text-editor.default\">\n\t\t\t\t<div class=\"elementor-widget-container\">\n\t\t\t\t\t\t\t<p>Kada posjetitelji napi\u0161u komentar na web-stranici mi prikupljamo podatke prikazane u formi komentara, i tako\u0111er IP adresu posjetitelja kao i string korisni\u010dkog agenta preglednika kako lak\u0161e detektirali spam.<\/p><p>Mogu\u0107e je da je anonimiziran string kreiran iz va\u0161e adrese e-po\u0161te (koji se tako\u0111er zove hash) dostavljen Gravatar servisu kako bi provjerili da li ga koristite. Pravila privatnosti Gravatar servisa dostupna su ovdje: https:\/\/automattic.com\/privacy\/. Nakon odobrenja va\u0161eg komentara, va\u0161a profilna slika je javno vidljiva u kontekstu va\u0161eg komentara.<\/p>\t\t\t\t\t\t<\/div>\n\t\t\t\t<\/div>\n\t\t\t\t<\/div>\n\t\t<div class=\"elementor-element elementor-element-ad80c02 e-con-full e-flex e-con e-child\" data-id=\"ad80c02\" data-element_type=\"container\">\n\t\t\t\t<div class=\"elementor-element elementor-element-327736d elementor-widget elementor-widget-heading\" data-id=\"327736d\" data-element_type=\"widget\" data-widget_type=\"heading.default\">\n\t\t\t\t<div class=\"elementor-widget-container\">\n\t\t\t<h4 class=\"elementor-heading-title elementor-size-default\">Va\u0161a prava kao korisnika prema GDPR-u<\/h4>\t\t<\/div>\n\t\t\t\t<\/div>\n\t\t\t\t<div class=\"elementor-element elementor-element-4de0f9a elementor-widget elementor-widget-text-editor\" data-id=\"4de0f9a\" data-element_type=\"widget\" data-widget_type=\"text-editor.default\">\n\t\t\t\t<div class=\"elementor-widget-container\">\n\t\t\t\t\t\t\t<p>Kao korisnik, imate odre\u0111ena prava u vezi s va\u0161im osobnim podacima prema Op\u0107oj uredbi o za\u0161titi podataka (GDPR). Ta prava uklju\u010duju:<\/p><ul><li>Pravo na pristup: Imate pravo zatra\u017eiti pristup osobnim podacima koje imamo o vama.<\/li><li>Pravo na ispravak: Imate pravo zatra\u017eiti ispravak neto\u010dnih ili nepotpunih osobnih podataka.<\/li><li>Pravo na brisanje (&#8220;pravo na zaborav&#8221;): Imate pravo zatra\u017eiti brisanje va\u0161ih osobnih podataka pod odre\u0111enim uvjetima.<\/li><li>Pravo na ograni\u010denje obrade: Imate pravo zatra\u017eiti ograni\u010denje obrade va\u0161ih osobnih podataka pod odre\u0111enim uvjetima.<\/li><li>Pravo na prenosivost podataka: Imate pravo dobiti osobne podatke koje smo obradili u strukturiranom, uobi\u010dajeno kori\u0161tenom i strojno \u010ditljivom formatu, te imate pravo prenijeti te podatke drugom voditelju obrade.<\/li><li>Pravo na prigovor: Imate pravo prigovoriti na obradu va\u0161ih osobnih podataka pod odre\u0111enim uvjetima.<\/li><\/ul><p>Za ostvarivanje bilo kojeg od ovih prava, molimo vas da nas kontaktirate koriste\u0107i podatke navedene u odjeljku &#8220;Kontaktirajte nas&#8221;.<\/p>\t\t\t\t\t\t<\/div>\n\t\t\t\t<\/div>\n\t\t\t\t<\/div>\n\t\t<div class=\"elementor-element elementor-element-6acb167 e-con-full e-flex e-con e-child\" data-id=\"6acb167\" data-element_type=\"container\">\n\t\t\t\t<div class=\"elementor-element elementor-element-14e6119 elementor-widget elementor-widget-heading\" data-id=\"14e6119\" data-element_type=\"widget\" data-widget_type=\"heading.default\">\n\t\t\t\t<div class=\"elementor-widget-container\">\n\t\t\t<h4 class=\"elementor-heading-title elementor-size-default\">Contact us<\/h4>\t\t<\/div>\n\t\t\t\t<\/div>\n\t\t\t\t<div class=\"elementor-element elementor-element-05cf74f elementor-widget elementor-widget-text-editor\" data-id=\"05cf74f\" data-element_type=\"widget\" data-widget_type=\"text-editor.default\">\n\t\t\t\t<div class=\"elementor-widget-container\">\n\t\t\t\t\t\t\t<p>Ako postoje bilo kakva pitanja u vezi ove izjave o privatnosti mo\u017eete nam se obratiti koriste\u0107i podatke u nastavku:<\/p><p>Association for Nature and Environment Conservation and Sustainable Development<br \/>Pijaca Dru\u0161tva seoske izobra\u017eenosti bb<br \/>22243 Murter<br \/>info@argonauta.hr<\/p><p>Smatra se da su korisnici u svakom trenutku upoznati i suglasni s ovim uvjetima kori\u0161tenja i mogu\u0107nostima u vezi s kola\u010di\u0107ima.<\/p>\t\t\t\t\t\t<\/div>\n\t\t\t\t<\/div>\n\t\t\t\t<\/div>\n\t\t<div class=\"elementor-element elementor-element-abb390f e-con-full e-flex e-con e-child\" data-id=\"abb390f\" data-element_type=\"container\">\n\t\t\t\t<div class=\"elementor-element elementor-element-3e0e5da elementor-widget elementor-widget-heading\" data-id=\"3e0e5da\" data-element_type=\"widget\" data-widget_type=\"heading.default\">\n\t\t\t\t<div class=\"elementor-widget-container\">\n\t\t\t<h4 class=\"elementor-heading-title elementor-size-default\">A\u017euriranje <\/h4>\t\t<\/div>\n\t\t\t\t<\/div>\n\t\t\t\t<div class=\"elementor-element elementor-element-c36060a elementor-widget elementor-widget-text-editor\" data-id=\"c36060a\" data-element_type=\"widget\" data-widget_type=\"text-editor.default\">\n\t\t\t\t<div class=\"elementor-widget-container\">\n\t\t\t\t\t\t\t<p>Povremeno mo\u017eemo a\u017eurirati ovu pravila privatnosti kako bismo odra\u017eavali promjene u na\u0161im praksama ili relevantne zakonske zahtjeve. Preporu\u010dujemo vam da povremeno pregledate ova pravila kako biste bili informirani o tome kako \u0161titimo va\u0161e podatke.<\/p><p>Datum zadnjeg a\u017euriranja: 18.07.2024.<\/p>\t\t\t\t\t\t<\/div>\n\t\t\t\t<\/div>\n\t\t\t\t<\/div>\n\t\t\t\t<\/div>\n\t\t\t\t\t<\/div>\n\t\t\t\t<\/div>\n\t\t<div class=\"elementor-element elementor-element-506cc26 e-flex e-con-boxed e-con e-parent\" data-id=\"506cc26\" data-element_type=\"container\">\n\t\t\t\t\t<div class=\"e-con-inner\">\n\t\t<div class=\"elementor-element elementor-element-728a375 e-con-full e-flex e-con e-child\" data-id=\"728a375\" data-element_type=\"container\">\n\t\t\t\t<\/div>\n\t\t\t\t\t<\/div>\n\t\t\t\t<\/div>\n\t\t\t\t<\/div>","protected":false},"excerpt":{"rendered":"<p>Ova pravila o privatnosti sastavljena su kako bi slu\u017eila onima koji su zabrinuti kako se njihovi osobni podaci koriste na&#8230;<\/p>","protected":false},"author":1,"featured_media":0,"parent":0,"menu_order":0,"comment_status":"closed","ping_status":"closed","template":"","meta":{"footnotes":""},"class_list":["post-50924","page","type-page","status-publish","hentry"],"_links":{"self":[{"href":"https:\/\/argonauta.hr\/en\/wp-json\/wp\/v2\/pages\/50924","targetHints":{"allow":["GET"]}}],"collection":[{"href":"https:\/\/argonauta.hr\/en\/wp-json\/wp\/v2\/pages"}],"about":[{"href":"https:\/\/argonauta.hr\/en\/wp-json\/wp\/v2\/types\/page"}],"author":[{"embeddable":true,"href":"https:\/\/argonauta.hr\/en\/wp-json\/wp\/v2\/users\/1"}],"replies":[{"embeddable":true,"href":"https:\/\/argonauta.hr\/en\/wp-json\/wp\/v2\/comments?post=50924"}],"version-history":[{"count":19,"href":"https:\/\/argonauta.hr\/en\/wp-json\/wp\/v2\/pages\/50924\/revisions"}],"predecessor-version":[{"id":53498,"href":"https:\/\/argonauta.hr\/en\/wp-json\/wp\/v2\/pages\/50924\/revisions\/53498"}],"wp:attachment":[{"href":"https:\/\/argonauta.hr\/en\/wp-json\/wp\/v2\/media?parent=50924"}],"curies":[{"name":"wp","href":"https:\/\/api.w.org\/{rel}","templated":true}]}}