{"id":50926,"date":"2024-07-02T07:55:02","date_gmt":"2024-07-02T07:55:02","guid":{"rendered":"https:\/\/argonauta.hr\/?page_id=50926"},"modified":"2024-07-18T09:37:06","modified_gmt":"2024-07-18T09:37:06","slug":"politika-kolacica","status":"publish","type":"page","link":"https:\/\/argonauta.hr\/en\/politika-kolacica\/","title":{"rendered":"Cookie policy"},"content":{"rendered":"<div data-elementor-type=\"wp-page\" data-elementor-id=\"50926\" class=\"elementor elementor-50926\">\n\t\t\t\t<div class=\"elementor-element elementor-element-672e893 e-flex e-con-boxed e-con e-parent\" data-id=\"672e893\" data-element_type=\"container\">\n\t\t\t\t\t<div class=\"e-con-inner\">\n\t\t<div class=\"elementor-element elementor-element-b3c16e7 e-con-full e-flex e-con e-child\" data-id=\"b3c16e7\" data-element_type=\"container\">\n\t\t\t\t<div class=\"elementor-element elementor-element-a879132 elementor-widget elementor-widget-heading\" data-id=\"a879132\" data-element_type=\"widget\" data-widget_type=\"heading.default\">\n\t\t\t\t<div class=\"elementor-widget-container\">\n\t\t\t<style>\/*! elementor - v3.22.0 - 26-06-2024 *\/\n.elementor-heading-title{padding:0;margin:0;line-height:1}.elementor-widget-heading .elementor-heading-title[class*=elementor-size-]>a{color:inherit;font-size:inherit;line-height:inherit}.elementor-widget-heading .elementor-heading-title.elementor-size-small{font-size:15px}.elementor-widget-heading .elementor-heading-title.elementor-size-medium{font-size:19px}.elementor-widget-heading .elementor-heading-title.elementor-size-large{font-size:29px}.elementor-widget-heading .elementor-heading-title.elementor-size-xl{font-size:39px}.elementor-widget-heading .elementor-heading-title.elementor-size-xxl{font-size:59px}<\/style><h4 class=\"elementor-heading-title elementor-size-default\">Koristimo li \"kola\u010di\u0107e\"?<\/h4>\t\t<\/div>\n\t\t\t\t<\/div>\n\t\t\t\t<div class=\"elementor-element elementor-element-a0bf06e elementor-widget elementor-widget-text-editor\" data-id=\"a0bf06e\" data-element_type=\"widget\" data-widget_type=\"text-editor.default\">\n\t\t\t\t<div class=\"elementor-widget-container\">\n\t\t\t<style>\/*! elementor - v3.22.0 - 26-06-2024 *\/\n.elementor-widget-text-editor.elementor-drop-cap-view-stacked .elementor-drop-cap{background-color:#69727d;color:#fff}.elementor-widget-text-editor.elementor-drop-cap-view-framed .elementor-drop-cap{color:#69727d;border:3px solid;background-color:transparent}.elementor-widget-text-editor:not(.elementor-drop-cap-view-default) .elementor-drop-cap{margin-top:8px}.elementor-widget-text-editor:not(.elementor-drop-cap-view-default) .elementor-drop-cap-letter{width:1em;height:1em}.elementor-widget-text-editor .elementor-drop-cap{float:left;text-align:center;line-height:1;font-size:50px}.elementor-widget-text-editor .elementor-drop-cap-letter{display:inline-block}<\/style>\t\t\t\t<p>Da. Kola\u010di\u0107i su male datoteke koje stranica ili njegov davatelj usluga prenosi na tvrdi disk va\u0161eg ra\u010dunala putem web preglednika (ukoliko mu dopustite), a koji omogu\u0107uje sustavu stranice ili pru\u017eatelju usluga prepoznavanje va\u0161eg preglednika, te zadr\u017ee i zapamte odre\u0111ene informacije. Oni se, tako\u0111er, koriste kako bi nam pomogli u razumijevanju va\u0161ih postavki temeljenih na prethodnoj ili trenutnoj aktivnosti na stranici, \u0161to nam omogu\u0107ava pru\u017eanje vama boljih usluga. Kola\u010di\u0107e, tako\u0111er, koristimo za pomo\u0107 pri prikupljanju sveobuhvatnih podataka o prometu na stranici i interakciji, a sve kako bismo mogli ponuditi bolje korisni\u010dko iskustvo i alate u budu\u0107nosti.<\/p><p>Napomena: Na\u0161 sustav ne dozvoljava nikakvu indentifikaciju stvarnog korisnika kori\u0161tenjem kola\u010di\u0107a.<\/p><p>Mi koristimo kola\u010di\u0107e za:<\/p><ul><li>razumijevanje i spremanje korisnikovih postavki u svrhu budu\u0107ih posjeta,<\/li><li>prikupljanje sveobuhvatnih podataka o prometu i interakcijama na stranici kako bi ponudili bolje korisni\u010dko iskustvo i alate u budu\u0107nosti.<\/li><\/ul><p>Tako\u0111er mo\u017eemo koristiti usluge pouzdane tre\u0107e strane koji prate te podatke u na\u0161e potrebe.<br \/>Mo\u017eete odabrati da vas va\u0161e ra\u010dunalo upozori svaki put kada je kola\u010di\u0107 poslan ili mo\u017eete izabrati da isklju\u010dite sve kola\u010di\u0107e. Mo\u017eete to u\u010diniti kroz postavke web preglednika (poput Internet Explorera). Svaki preglednik je malo druga\u010diji, pa pogledajte u izborniku \u201cPomo\u0107\u201d va\u0161eg preglednika kako bi nau\u010dili ispravan na\u010din izmjene va\u0161ih kola\u010di\u0107a.<\/p><p>Ako korisnik onemogu\u0107i kola\u010di\u0107e u svom pregledniku:<\/p><p>ako onemogu\u0107ite kola\u010di\u0107e, neke zna\u010dajke bit \u0107e onemogu\u0107ene. To \u0107e isklju\u010diti neke od zna\u010dajki koje \u010dine va\u0161e korisni\u010dko iskustvo na na\u0161im stranica u\u010dinkovitije i neke od na\u0161ih usluga ne\u0107e raditi ispravno.<\/p><p>Smatra se da su korisnici u svakom trenutku upoznati i suglasni s ovim uvjetima kori\u0161tenja i mogu\u0107nostima u vezi s kola\u010di\u0107ima.<\/p>\t\t\t\t\t\t<\/div>\n\t\t\t\t<\/div>\n\t\t<div class=\"elementor-element elementor-element-54c2a64 e-con-full e-flex e-con e-child\" data-id=\"54c2a64\" data-element_type=\"container\">\n\t\t\t\t<div class=\"elementor-element elementor-element-2d52ade elementor-widget elementor-widget-heading\" data-id=\"2d52ade\" data-element_type=\"widget\" data-widget_type=\"heading.default\">\n\t\t\t\t<div class=\"elementor-widget-container\">\n\t\t\t<h4 class=\"elementor-heading-title elementor-size-default\">A\u017euriranje <\/h4>\t\t<\/div>\n\t\t\t\t<\/div>\n\t\t\t\t<div class=\"elementor-element elementor-element-83195ff elementor-widget elementor-widget-text-editor\" data-id=\"83195ff\" data-element_type=\"widget\" data-widget_type=\"text-editor.default\">\n\t\t\t\t<div class=\"elementor-widget-container\">\n\t\t\t\t\t\t\t<p>Povremeno mo\u017eemo a\u017eurirati ovu politiku kola\u010di\u0107a kako bismo odra\u017eavali promjene u na\u0161im praksama ili relevantne zakonske zahtjeve.\u00a0<\/p><p>Datum zadnjeg a\u017euriranja: 18.07.2024.<\/p>\t\t\t\t\t\t<\/div>\n\t\t\t\t<\/div>\n\t\t\t\t<\/div>\n\t\t\t\t<\/div>\n\t\t\t\t\t<\/div>\n\t\t\t\t<\/div>\n\t\t\t\t<\/div>","protected":false},"excerpt":{"rendered":"<p>Koristimo li &#8220;kola\u010di\u0107e&#8221;? Da. Kola\u010di\u0107i su male datoteke koje stranica ili njegov davatelj usluga prenosi na tvrdi disk va\u0161eg ra\u010dunala&#8230;<\/p>","protected":false},"author":1,"featured_media":0,"parent":0,"menu_order":0,"comment_status":"closed","ping_status":"closed","template":"","meta":{"footnotes":""},"class_list":["post-50926","page","type-page","status-publish","hentry"],"_links":{"self":[{"href":"https:\/\/argonauta.hr\/en\/wp-json\/wp\/v2\/pages\/50926","targetHints":{"allow":["GET"]}}],"collection":[{"href":"https:\/\/argonauta.hr\/en\/wp-json\/wp\/v2\/pages"}],"about":[{"href":"https:\/\/argonauta.hr\/en\/wp-json\/wp\/v2\/types\/page"}],"author":[{"embeddable":true,"href":"https:\/\/argonauta.hr\/en\/wp-json\/wp\/v2\/users\/1"}],"replies":[{"embeddable":true,"href":"https:\/\/argonauta.hr\/en\/wp-json\/wp\/v2\/comments?post=50926"}],"version-history":[{"count":10,"href":"https:\/\/argonauta.hr\/en\/wp-json\/wp\/v2\/pages\/50926\/revisions"}],"predecessor-version":[{"id":53501,"href":"https:\/\/argonauta.hr\/en\/wp-json\/wp\/v2\/pages\/50926\/revisions\/53501"}],"wp:attachment":[{"href":"https:\/\/argonauta.hr\/en\/wp-json\/wp\/v2\/media?parent=50926"}],"curies":[{"name":"wp","href":"https:\/\/api.w.org\/{rel}","templated":true}]}}