{"id":52784,"date":"2024-07-12T13:05:28","date_gmt":"2024-07-12T13:05:28","guid":{"rendered":"https:\/\/argonauta.hr\/?page_id=52784"},"modified":"2026-01-05T14:10:26","modified_gmt":"2026-01-05T14:10:26","slug":"argonautin-tim","status":"publish","type":"page","link":"https:\/\/argonauta.hr\/en\/argonautin-tim\/","title":{"rendered":"Team Argonauta"},"content":{"rendered":"<div data-elementor-type=\"wp-page\" data-elementor-id=\"52784\" class=\"elementor elementor-52784\">\n\t\t\t\t<div class=\"elementor-element elementor-element-ec262aa e-flex e-con-boxed e-con e-parent\" data-id=\"ec262aa\" data-element_type=\"container\" data-settings=\"{&quot;background_background&quot;:&quot;classic&quot;}\">\n\t\t\t\t\t<div class=\"e-con-inner\">\n\t\t<div class=\"elementor-element elementor-element-0254459 e-con-full e-flex e-con e-child\" data-id=\"0254459\" data-element_type=\"container\">\n\t\t<div class=\"elementor-element elementor-element-a4c4d69 e-con-full e-flex e-con e-child\" data-id=\"a4c4d69\" data-element_type=\"container\">\n\t\t\t\t<div class=\"elementor-element elementor-element-16b2320 elementor-widget elementor-widget-heading\" data-id=\"16b2320\" data-element_type=\"widget\" data-widget_type=\"heading.default\">\n\t\t\t\t<div class=\"elementor-widget-container\">\n\t\t\t<style>\/*! elementor - v3.22.0 - 26-06-2024 *\/\n.elementor-heading-title{padding:0;margin:0;line-height:1}.elementor-widget-heading .elementor-heading-title[class*=elementor-size-]>a{color:inherit;font-size:inherit;line-height:inherit}.elementor-widget-heading .elementor-heading-title.elementor-size-small{font-size:15px}.elementor-widget-heading .elementor-heading-title.elementor-size-medium{font-size:19px}.elementor-widget-heading .elementor-heading-title.elementor-size-large{font-size:29px}.elementor-widget-heading .elementor-heading-title.elementor-size-xl{font-size:39px}.elementor-widget-heading .elementor-heading-title.elementor-size-xxl{font-size:59px}<\/style><h5 class=\"elementor-heading-title elementor-size-default\">The permanent lineup behind every Argonauta's activity<\/h5>\t\t<\/div>\n\t\t\t\t<\/div>\n\t\t\t\t<div class=\"elementor-element elementor-element-b5a8322 elementor-widget elementor-widget-heading\" data-id=\"b5a8322\" data-element_type=\"widget\" data-widget_type=\"heading.default\">\n\t\t\t\t<div class=\"elementor-widget-container\">\n\t\t\t<h2 class=\"elementor-heading-title elementor-size-default\">Employees<\/h2>\t\t<\/div>\n\t\t\t\t<\/div>\n\t\t\t\t<\/div>\n\t\t<div class=\"elementor-element elementor-element-4b4b1cb e-flex e-con-boxed e-con e-child\" data-id=\"4b4b1cb\" data-element_type=\"container\">\n\t\t\t\t\t<div class=\"e-con-inner\">\n\t\t\t\t<div class=\"elementor-element elementor-element-cc6e0b8 elementor-widget elementor-widget-shortcode\" data-id=\"cc6e0b8\" data-element_type=\"widget\" data-widget_type=\"shortcode.default\">\n\t\t\t\t<div class=\"elementor-widget-container\">\n\t\t\t\t\t<div class=\"elementor-shortcode\"><div class=\"team-members-container\"><div class=\"team-member-card\" style=\"background-image: url(https:\/\/argonauta.hr\/wp-content\/uploads\/2025\/07\/Argonauta-Web-IvonaJadric-3.jpg);\"><div class=\"overlay\"><\/div><div class=\"team-member-info\"><h3><a href=\"https:\/\/argonauta.hr\/en\/team\/ivona-jadric\/\" style=\"color: white; text-decoration: none;\">Ivona Jadri\u0107<\/a><\/h3><p>Director<\/p><\/div><\/div><div class=\"team-member-card\" style=\"background-image: url(https:\/\/argonauta.hr\/wp-content\/uploads\/2024\/07\/DSC_0047-233x350-1.jpg);\"><div class=\"overlay\"><\/div><div class=\"team-member-info\"><h3><a href=\"https:\/\/argonauta.hr\/en\/team\/sanja-kovacev\/\" style=\"color: white; text-decoration: none;\">Sanja Kova\u010dev<\/a><\/h3><p>Cultural Heritage Protection Program Manager<\/p><\/div><\/div><div class=\"team-member-card\" style=\"background-image: url(https:\/\/argonauta.hr\/wp-content\/uploads\/2025\/07\/Argonauta-Web-SanjaMihic-1.jpg);\"><div class=\"overlay\"><\/div><div class=\"team-member-info\"><h3><a href=\"https:\/\/argonauta.hr\/en\/team\/sanja-durman\/\" style=\"color: white; text-decoration: none;\">Sanja \u0110urman<\/a><\/h3><p>Manager of accounting<\/p><\/div><\/div><div class=\"team-member-card\" style=\"background-image: url(https:\/\/argonauta.hr\/wp-content\/uploads\/2024\/07\/imageonline-co-blackandwhiteimage-277x350-1.png);\"><div class=\"overlay\"><\/div><div class=\"team-member-info\"><h3><a href=\"https:\/\/argonauta.hr\/en\/team\/suzana-suman\/\" style=\"color: white; text-decoration: none;\">Suzana Suman<\/a><\/h3><p>Promotion coordinator<\/p><\/div><\/div><div class=\"team-member-card\" style=\"background-image: url(https:\/\/argonauta.hr\/wp-content\/uploads\/2025\/07\/Dizajn-bez-naslova-2.png);\"><div class=\"overlay\"><\/div><div class=\"team-member-info\"><h3><a href=\"https:\/\/argonauta.hr\/en\/team\/nela-juran\/\" style=\"color: white; text-decoration: none;\">Nela Juran<\/a><\/h3><p>Expert Associate for the Protection of Natural and Cultural Heritage<\/p><\/div><\/div><div class=\"team-member-card\" style=\"background-image: url(https:\/\/argonauta.hr\/wp-content\/uploads\/2025\/07\/affe8298-896b-4196-bb8d-8ba7610d1a10-679x1024.jpg);\"><div class=\"overlay\"><\/div><div class=\"team-member-info\"><h3><a href=\"https:\/\/argonauta.hr\/en\/team\/lucija-dujic\/\" style=\"color: white; text-decoration: none;\">Lucija Duji\u0107<\/a><\/h3><p>Nature and Environmental Protection Program Manager<\/p><\/div><\/div><\/div><\/div>\n\t\t\t\t<\/div>\n\t\t\t\t<\/div>\n\t\t\t\t\t<\/div>\n\t\t\t\t<\/div>\n\t\t\t\t<\/div>\n\t\t\t\t<div class=\"elementor-element elementor-element-8312957 elementor-absolute elementor-hidden-mobile elementor-widget elementor-widget-image\" data-id=\"8312957\" data-element_type=\"widget\" data-settings=\"{&quot;_position&quot;:&quot;absolute&quot;,&quot;motion_fx_motion_fx_scrolling&quot;:&quot;yes&quot;,&quot;motion_fx_translateY_effect&quot;:&quot;yes&quot;,&quot;motion_fx_translateY_direction&quot;:&quot;negative&quot;,&quot;motion_fx_translateY_speed&quot;:{&quot;unit&quot;:&quot;px&quot;,&quot;size&quot;:4,&quot;sizes&quot;:[]},&quot;motion_fx_translateY_affectedRange&quot;:{&quot;unit&quot;:&quot;%&quot;,&quot;size&quot;:&quot;&quot;,&quot;sizes&quot;:{&quot;start&quot;:0,&quot;end&quot;:100}},&quot;motion_fx_devices&quot;:[&quot;desktop&quot;,&quot;tablet&quot;,&quot;mobile&quot;]}\" data-widget_type=\"image.default\">\n\t\t\t\t<div class=\"elementor-widget-container\">\n\t\t\t<style>\/*! elementor - v3.22.0 - 26-06-2024 *\/\n.elementor-widget-image{text-align:center}.elementor-widget-image a{display:inline-block}.elementor-widget-image a img[src$=\".svg\"]{width:48px}.elementor-widget-image img{vertical-align:middle;display:inline-block}<\/style>\t\t\t\t\t\t\t\t\t\t<img decoding=\"async\" width=\"239\" height=\"174\" src=\"https:\/\/argonauta.hr\/wp-content\/uploads\/2025\/07\/Argonauta-shape2.png\" class=\"attachment-full size-full wp-image-54197\" alt=\"\" srcset=\"https:\/\/argonauta.hr\/wp-content\/uploads\/2025\/07\/Argonauta-shape2.png 239w, https:\/\/argonauta.hr\/wp-content\/uploads\/2025\/07\/Argonauta-shape2-16x12.png 16w\" sizes=\"(max-width: 239px) 100vw, 239px\" \/>\t\t\t\t\t\t\t\t\t\t\t\t\t<\/div>\n\t\t\t\t<\/div>\n\t\t\t\t\t<\/div>\n\t\t\t\t<\/div>\n\t\t<div class=\"elementor-element elementor-element-d2e35cd e-flex e-con-boxed e-con e-parent\" data-id=\"d2e35cd\" data-element_type=\"container\" data-settings=\"{&quot;background_background&quot;:&quot;classic&quot;}\">\n\t\t\t\t\t<div class=\"e-con-inner\">\n\t\t<div class=\"elementor-element elementor-element-adea095 e-con-full e-flex e-con e-child\" data-id=\"adea095\" data-element_type=\"container\">\n\t\t<div class=\"elementor-element elementor-element-deabbd4 e-con-full e-flex e-con e-child\" data-id=\"deabbd4\" data-element_type=\"container\">\n\t\t\t\t<div class=\"elementor-element elementor-element-edb55f4 elementor-widget elementor-widget-heading\" data-id=\"edb55f4\" data-element_type=\"widget\" data-widget_type=\"heading.default\">\n\t\t\t\t<div class=\"elementor-widget-container\">\n\t\t\t<h5 class=\"elementor-heading-title elementor-size-default\">Our allies in small and big victories<\/h5>\t\t<\/div>\n\t\t\t\t<\/div>\n\t\t\t\t<div class=\"elementor-element elementor-element-092e38f elementor-widget elementor-widget-heading\" data-id=\"092e38f\" data-element_type=\"widget\" data-widget_type=\"heading.default\">\n\t\t\t\t<div class=\"elementor-widget-container\">\n\t\t\t<h2 class=\"elementor-heading-title elementor-size-default\">Associates<\/h2>\t\t<\/div>\n\t\t\t\t<\/div>\n\t\t\t\t<\/div>\n\t\t<div class=\"elementor-element elementor-element-28dbf62 e-con-full e-flex e-con e-child\" data-id=\"28dbf62\" data-element_type=\"container\">\n\t\t\t\t<div class=\"elementor-element elementor-element-574cf4f elementor-widget elementor-widget-shortcode\" data-id=\"574cf4f\" data-element_type=\"widget\" data-widget_type=\"shortcode.default\">\n\t\t\t\t<div class=\"elementor-widget-container\">\n\t\t\t\t\t<div class=\"elementor-shortcode\"><div class=\"team-members-container\"><div class=\"team-member-card\" style=\"background-image: url(https:\/\/argonauta.hr\/wp-content\/uploads\/2025\/09\/Argonauta-Web-IvanaMarin.jpg);\"><div class=\"overlay\"><\/div><div class=\"team-member-info\"><h3><a href=\"https:\/\/argonauta.hr\/en\/team\/ivana-marin-mag-biol-et-oecol-mar\/\" style=\"color: white; text-decoration: none;\">Ivana Marin, mag. biol. et oecol. mar.<\/a><\/h3><p>Stru\u010dnjakinja za neformalnu edukaciju<\/p><\/div><\/div><div class=\"team-member-card\" style=\"background-image: url(https:\/\/argonauta.hr\/wp-content\/uploads\/2025\/09\/Ante-gotovo-796x1024.jpg);\"><div class=\"overlay\"><\/div><div class=\"team-member-info\"><h3><a href=\"https:\/\/argonauta.hr\/en\/team\/ante-vekic\/\" style=\"color: white; text-decoration: none;\">Ante Veki\u0107<\/a><\/h3><p>Vanjski suradnik za vizualne komunikacije<\/p><\/div><\/div><div class=\"team-member-card\" style=\"background-image: url(https:\/\/argonauta.hr\/wp-content\/uploads\/2025\/09\/Argonauta-Web-Eleonora.jpg);\"><div class=\"overlay\"><\/div><div class=\"team-member-info\"><h3><a href=\"https:\/\/argonauta.hr\/en\/team\/eleonora-lupi\/\" style=\"color: white; text-decoration: none;\">Eleonora Lupi, mag. ing. agr.<\/a><\/h3><p>External associate and environmental educator\nPretra\u017eite ovo na<\/p><\/div><\/div><div class=\"team-member-card\" style=\"background-image: url(https:\/\/argonauta.hr\/wp-content\/uploads\/2025\/08\/Argonauta-Web-JuanCruz.jpg);\"><div class=\"overlay\"><\/div><div class=\"team-member-info\"><h3><a href=\"https:\/\/argonauta.hr\/en\/team\/juan-cruz\/\" style=\"color: white; text-decoration: none;\">Juan Cruz, bacc. ing.<\/a><\/h3><p>External associate for international youth mobility<\/p><\/div><\/div><div class=\"team-member-card\" style=\"background-image: url(https:\/\/argonauta.hr\/wp-content\/uploads\/2025\/08\/Argonauta-Web-JosipaBilus.jpg);\"><div class=\"overlay\"><\/div><div class=\"team-member-info\"><h3><a href=\"https:\/\/argonauta.hr\/en\/team\/josipa-bilus\/\" style=\"color: white; text-decoration: none;\">Josipa Bilu\u0161 mag. educ. biol. et chem.<\/a><\/h3><p>Vanjska suradnica za edukaciju<\/p><\/div><\/div><\/div><\/div>\n\t\t\t\t<\/div>\n\t\t\t\t<\/div>\n\t\t\t\t<\/div>\n\t\t\t\t<\/div>\n\t\t\t\t<div class=\"elementor-element elementor-element-1bf6195 elementor-absolute elementor-hidden-mobile elementor-widget elementor-widget-image\" data-id=\"1bf6195\" data-element_type=\"widget\" data-settings=\"{&quot;_position&quot;:&quot;absolute&quot;,&quot;motion_fx_motion_fx_scrolling&quot;:&quot;yes&quot;,&quot;motion_fx_translateY_effect&quot;:&quot;yes&quot;,&quot;motion_fx_translateY_direction&quot;:&quot;negative&quot;,&quot;motion_fx_translateY_speed&quot;:{&quot;unit&quot;:&quot;px&quot;,&quot;size&quot;:4,&quot;sizes&quot;:[]},&quot;motion_fx_translateY_affectedRange&quot;:{&quot;unit&quot;:&quot;%&quot;,&quot;size&quot;:&quot;&quot;,&quot;sizes&quot;:{&quot;start&quot;:0,&quot;end&quot;:100}},&quot;motion_fx_devices&quot;:[&quot;desktop&quot;,&quot;tablet&quot;,&quot;mobile&quot;]}\" data-widget_type=\"image.default\">\n\t\t\t\t<div class=\"elementor-widget-container\">\n\t\t\t\t\t\t\t\t\t\t\t\t\t<img fetchpriority=\"high\" decoding=\"async\" width=\"589\" height=\"379\" src=\"https:\/\/argonauta.hr\/wp-content\/uploads\/2025\/07\/Argonauta-shape1.png\" class=\"attachment-full size-full wp-image-54196\" alt=\"\" srcset=\"https:\/\/argonauta.hr\/wp-content\/uploads\/2025\/07\/Argonauta-shape1.png 589w, https:\/\/argonauta.hr\/wp-content\/uploads\/2025\/07\/Argonauta-shape1-300x193.png 300w, https:\/\/argonauta.hr\/wp-content\/uploads\/2025\/07\/Argonauta-shape1-18x12.png 18w\" sizes=\"(max-width: 589px) 100vw, 589px\" \/>\t\t\t\t\t\t\t\t\t\t\t\t\t<\/div>\n\t\t\t\t<\/div>\n\t\t\t\t\t<\/div>\n\t\t\t\t<\/div>\n\t\t<div class=\"elementor-element elementor-element-32a53c4 e-flex e-con-boxed e-con e-parent\" data-id=\"32a53c4\" data-element_type=\"container\" data-settings=\"{&quot;background_background&quot;:&quot;classic&quot;}\">\n\t\t\t\t\t<div class=\"e-con-inner\">\n\t\t<div class=\"elementor-element elementor-element-eebca83 e-con-full e-flex e-con e-child\" data-id=\"eebca83\" data-element_type=\"container\">\n\t\t<div class=\"elementor-element elementor-element-c730be3 e-con-full e-flex e-con e-child\" data-id=\"c730be3\" data-element_type=\"container\">\n\t\t\t\t<div class=\"elementor-element elementor-element-cf9dd85 elementor-widget elementor-widget-heading\" data-id=\"cf9dd85\" data-element_type=\"widget\" data-widget_type=\"heading.default\">\n\t\t\t\t<div class=\"elementor-widget-container\">\n\t\t\t<h5 class=\"elementor-heading-title elementor-size-default\">People who change the world in their free time<\/h5>\t\t<\/div>\n\t\t\t\t<\/div>\n\t\t\t\t<div class=\"elementor-element elementor-element-b7feef3 elementor-widget elementor-widget-heading\" data-id=\"b7feef3\" data-element_type=\"widget\" data-widget_type=\"heading.default\">\n\t\t\t\t<div class=\"elementor-widget-container\">\n\t\t\t<h2 class=\"elementor-heading-title elementor-size-default\">ESC volunteers and alumni in Argonauta<\/h2>\t\t<\/div>\n\t\t\t\t<\/div>\n\t\t\t\t<\/div>\n\t\t<div class=\"elementor-element elementor-element-f1134d0 e-con-full e-flex e-con e-child\" data-id=\"f1134d0\" data-element_type=\"container\">\n\t\t\t\t<div class=\"elementor-element elementor-element-fafa459 elementor-widget elementor-widget-shortcode\" data-id=\"fafa459\" data-element_type=\"widget\" data-widget_type=\"shortcode.default\">\n\t\t\t\t<div class=\"elementor-widget-container\">\n\t\t\t\t\t<div class=\"elementor-shortcode\"><div class=\"team-members-container\"><div class=\"team-member-card\" style=\"background-image: url();\"><div class=\"overlay\"><\/div><div class=\"team-member-info\"><h3><a href=\"https:\/\/argonauta.hr\/en\/team\/juliette-dutemple\/\" style=\"color: white; text-decoration: none;\">Juliette Dutemple<\/a><\/h3><p>France<\/p><\/div><\/div><div class=\"team-member-card\" style=\"background-image: url(https:\/\/argonauta.hr\/wp-content\/uploads\/2025\/08\/Argonauta-Web-AnaCabezas.jpg);\"><div class=\"overlay\"><\/div><div class=\"team-member-info\"><h3><a href=\"https:\/\/argonauta.hr\/en\/team\/ana-cabezas-lorenzo\/\" style=\"color: white; text-decoration: none;\">Ana Cabezas Lorenzo<\/a><\/h3><p>Spain<\/p><\/div><\/div><div class=\"team-member-card\" style=\"background-image: url(https:\/\/argonauta.hr\/wp-content\/uploads\/2024\/07\/RoseBlm-1.jpg);\"><div class=\"overlay\"><\/div><div class=\"team-member-info\"><h3><a href=\"https:\/\/argonauta.hr\/en\/team\/rose-blm\/\" style=\"color: white; text-decoration: none;\">Rose Blm<\/a><\/h3><p>France<\/p><\/div><\/div><div class=\"team-member-card\" style=\"background-image: url(https:\/\/argonauta.hr\/wp-content\/uploads\/2024\/07\/Sarah.jpg);\"><div class=\"overlay\"><\/div><div class=\"team-member-info\"><h3><a href=\"https:\/\/argonauta.hr\/en\/team\/sarah-asad\/\" style=\"color: white; text-decoration: none;\">Sarah Asad<\/a><\/h3><p>Jordan<\/p><\/div><\/div><div class=\"team-member-card\" style=\"background-image: url(https:\/\/argonauta.hr\/wp-content\/uploads\/2024\/07\/MariaLopez.jpg);\"><div class=\"overlay\"><\/div><div class=\"team-member-info\"><h3><a href=\"https:\/\/argonauta.hr\/en\/team\/maria-lopez\/\" style=\"color: white; text-decoration: none;\">Mar\u00eda Lopez<\/a><\/h3><p>Spain<\/p><\/div><\/div><div class=\"team-member-card\" style=\"background-image: url(https:\/\/argonauta.hr\/wp-content\/uploads\/2024\/07\/Marisol-1.jpg);\"><div class=\"overlay\"><\/div><div class=\"team-member-info\"><h3><a href=\"https:\/\/argonauta.hr\/en\/team\/marisol-navarro\/\" style=\"color: white; text-decoration: none;\">Marisol Navarro<\/a><\/h3><p>Spain<\/p><\/div><\/div><div class=\"team-member-card\" style=\"background-image: url(https:\/\/argonauta.hr\/wp-content\/uploads\/2024\/07\/Mertcan.jpg);\"><div class=\"overlay\"><\/div><div class=\"team-member-info\"><h3><a href=\"https:\/\/argonauta.hr\/en\/team\/mertcan-cilgin\/\" style=\"color: white; text-decoration: none;\">Mertcan \u00c7\u0131lg\u0131n<\/a><\/h3><p>Turkey<\/p><\/div><\/div><div class=\"team-member-card\" style=\"background-image: url(https:\/\/argonauta.hr\/wp-content\/uploads\/2024\/07\/Silvia.jpg);\"><div class=\"overlay\"><\/div><div class=\"team-member-info\"><h3><a href=\"https:\/\/argonauta.hr\/en\/team\/silvia-ros\/\" style=\"color: white; text-decoration: none;\">Silvia Ros<\/a><\/h3><p>Italy<\/p><\/div><\/div><div class=\"team-member-card\" style=\"background-image: url(https:\/\/argonauta.hr\/wp-content\/uploads\/2024\/07\/Morgane.jpg);\"><div class=\"overlay\"><\/div><div class=\"team-member-info\"><h3><a href=\"https:\/\/argonauta.hr\/en\/team\/morgane-mauduit\/\" style=\"color: white; text-decoration: none;\">Morgane Mauduit<\/a><\/h3><p>France<\/p><\/div><\/div><div class=\"team-member-card\" style=\"background-image: url(https:\/\/argonauta.hr\/wp-content\/uploads\/2024\/07\/Yordanka.jpg);\"><div class=\"overlay\"><\/div><div class=\"team-member-info\"><h3><a href=\"https:\/\/argonauta.hr\/en\/team\/yordanka-dani-mihaleva\/\" style=\"color: white; text-decoration: none;\">Yordanka \u201cDani\u201d Mihaleva<\/a><\/h3><p>Bulgaria<\/p><\/div><\/div><div class=\"team-member-card\" style=\"background-image: url(https:\/\/argonauta.hr\/wp-content\/uploads\/2024\/07\/Beatriz.jpg);\"><div class=\"overlay\"><\/div><div class=\"team-member-info\"><h3><a href=\"https:\/\/argonauta.hr\/en\/team\/beatriz-valenzuela\/\" style=\"color: white; text-decoration: none;\">Beatriz Valenzuela<\/a><\/h3><p>Spain<\/p><\/div><\/div><div class=\"team-member-card\" style=\"background-image: url(https:\/\/argonauta.hr\/wp-content\/uploads\/2024\/07\/SerenaLisai.jpg);\"><div class=\"overlay\"><\/div><div class=\"team-member-info\"><h3><a href=\"https:\/\/argonauta.hr\/en\/team\/serena-lisai\/\" style=\"color: white; text-decoration: none;\">Serena Lisai<\/a><\/h3><p>Italy<\/p><\/div><\/div><\/div>\n<\/div>\n\t\t\t\t<\/div>\n\t\t\t\t<\/div>\n\t\t\t\t<\/div>\n\t\t\t\t<\/div>\n\t\t\t\t<div class=\"elementor-element elementor-element-621fb69 elementor-absolute elementor-hidden-mobile elementor-widget elementor-widget-image\" data-id=\"621fb69\" data-element_type=\"widget\" data-settings=\"{&quot;_position&quot;:&quot;absolute&quot;,&quot;motion_fx_motion_fx_scrolling&quot;:&quot;yes&quot;,&quot;motion_fx_translateY_effect&quot;:&quot;yes&quot;,&quot;motion_fx_translateY_direction&quot;:&quot;negative&quot;,&quot;motion_fx_translateY_speed&quot;:{&quot;unit&quot;:&quot;px&quot;,&quot;size&quot;:4,&quot;sizes&quot;:[]},&quot;motion_fx_translateY_affectedRange&quot;:{&quot;unit&quot;:&quot;%&quot;,&quot;size&quot;:&quot;&quot;,&quot;sizes&quot;:{&quot;start&quot;:0,&quot;end&quot;:100}},&quot;motion_fx_devices&quot;:[&quot;desktop&quot;,&quot;tablet&quot;,&quot;mobile&quot;]}\" data-widget_type=\"image.default\">\n\t\t\t\t<div class=\"elementor-widget-container\">\n\t\t\t\t\t\t\t\t\t\t\t\t\t<img decoding=\"async\" width=\"117\" height=\"50\" src=\"https:\/\/argonauta.hr\/wp-content\/uploads\/2025\/07\/Argonauta-shape3.png\" class=\"attachment-full size-full wp-image-54624\" alt=\"\" srcset=\"https:\/\/argonauta.hr\/wp-content\/uploads\/2025\/07\/Argonauta-shape3.png 117w, https:\/\/argonauta.hr\/wp-content\/uploads\/2025\/07\/Argonauta-shape3-18x8.png 18w\" sizes=\"(max-width: 117px) 100vw, 117px\" \/>\t\t\t\t\t\t\t\t\t\t\t\t\t<\/div>\n\t\t\t\t<\/div>\n\t\t\t\t<div class=\"elementor-element elementor-element-f97707f elementor-absolute elementor-hidden-mobile elementor-widget elementor-widget-image\" data-id=\"f97707f\" data-element_type=\"widget\" data-settings=\"{&quot;_position&quot;:&quot;absolute&quot;,&quot;motion_fx_motion_fx_scrolling&quot;:&quot;yes&quot;,&quot;motion_fx_translateY_effect&quot;:&quot;yes&quot;,&quot;motion_fx_translateY_direction&quot;:&quot;negative&quot;,&quot;motion_fx_translateY_speed&quot;:{&quot;unit&quot;:&quot;px&quot;,&quot;size&quot;:4,&quot;sizes&quot;:[]},&quot;motion_fx_translateY_affectedRange&quot;:{&quot;unit&quot;:&quot;%&quot;,&quot;size&quot;:&quot;&quot;,&quot;sizes&quot;:{&quot;start&quot;:0,&quot;end&quot;:100}},&quot;motion_fx_devices&quot;:[&quot;desktop&quot;,&quot;tablet&quot;,&quot;mobile&quot;]}\" data-widget_type=\"image.default\">\n\t\t\t\t<div class=\"elementor-widget-container\">\n\t\t\t\t\t\t\t\t\t\t\t\t\t<img loading=\"lazy\" decoding=\"async\" width=\"239\" height=\"174\" src=\"https:\/\/argonauta.hr\/wp-content\/uploads\/2025\/07\/Argonauta-shape2-1.png\" class=\"attachment-full size-full wp-image-54458\" alt=\"\" srcset=\"https:\/\/argonauta.hr\/wp-content\/uploads\/2025\/07\/Argonauta-shape2-1.png 239w, https:\/\/argonauta.hr\/wp-content\/uploads\/2025\/07\/Argonauta-shape2-1-16x12.png 16w\" sizes=\"(max-width: 239px) 100vw, 239px\" \/>\t\t\t\t\t\t\t\t\t\t\t\t\t<\/div>\n\t\t\t\t<\/div>\n\t\t\t\t\t<\/div>\n\t\t\t\t<\/div>\n\t\t\t\t<\/div>","protected":false},"excerpt":{"rendered":"<p>Stalna postava iza svake Argonautine aktivnosti Zaposlenici Na\u0161i saveznici u malim i velikim pobjedama Suradnici Ljudi koji mijenjaju svijet u&#8230;<\/p>","protected":false},"author":1,"featured_media":0,"parent":0,"menu_order":0,"comment_status":"closed","ping_status":"closed","template":"","meta":{"footnotes":""},"class_list":["post-52784","page","type-page","status-publish","hentry"],"_links":{"self":[{"href":"https:\/\/argonauta.hr\/en\/wp-json\/wp\/v2\/pages\/52784","targetHints":{"allow":["GET"]}}],"collection":[{"href":"https:\/\/argonauta.hr\/en\/wp-json\/wp\/v2\/pages"}],"about":[{"href":"https:\/\/argonauta.hr\/en\/wp-json\/wp\/v2\/types\/page"}],"author":[{"embeddable":true,"href":"https:\/\/argonauta.hr\/en\/wp-json\/wp\/v2\/users\/1"}],"replies":[{"embeddable":true,"href":"https:\/\/argonauta.hr\/en\/wp-json\/wp\/v2\/comments?post=52784"}],"version-history":[{"count":127,"href":"https:\/\/argonauta.hr\/en\/wp-json\/wp\/v2\/pages\/52784\/revisions"}],"predecessor-version":[{"id":56820,"href":"https:\/\/argonauta.hr\/en\/wp-json\/wp\/v2\/pages\/52784\/revisions\/56820"}],"wp:attachment":[{"href":"https:\/\/argonauta.hr\/en\/wp-json\/wp\/v2\/media?parent=52784"}],"curies":[{"name":"wp","href":"https:\/\/api.w.org\/{rel}","templated":true}]}}