{"id":55241,"date":"2025-08-19T12:42:37","date_gmt":"2025-08-19T12:42:37","guid":{"rendered":"https:\/\/argonauta.hr\/?page_id=55241"},"modified":"2025-09-04T10:46:47","modified_gmt":"2025-09-04T10:46:47","slug":"eko-patrola-za-vise-razrede-osnovne-skole","status":"publish","type":"page","link":"https:\/\/argonauta.hr\/en\/eko-patrola-za-vise-razrede-osnovne-skole\/","title":{"rendered":"Eco-patrol for upper elementary school grades"},"content":{"rendered":"<div data-elementor-type=\"wp-page\" data-elementor-id=\"55241\" class=\"elementor elementor-55241\">\n\t\t\t\t<div class=\"elementor-element elementor-element-31678ae e-flex e-con-boxed e-con e-parent\" data-id=\"31678ae\" data-element_type=\"container\">\n\t\t\t\t\t<div class=\"e-con-inner\">\n\t\t<div class=\"elementor-element elementor-element-067646c e-con-full e-flex e-con e-child\" data-id=\"067646c\" data-element_type=\"container\">\n\t\t\t\t<div class=\"elementor-element elementor-element-5f39cff elementor-widget elementor-widget-image\" data-id=\"5f39cff\" data-element_type=\"widget\" data-widget_type=\"image.default\">\n\t\t\t\t<div class=\"elementor-widget-container\">\n\t\t\t<style>\/*! elementor - v3.22.0 - 26-06-2024 *\/\n.elementor-widget-image{text-align:center}.elementor-widget-image a{display:inline-block}.elementor-widget-image a img[src$=\".svg\"]{width:48px}.elementor-widget-image img{vertical-align:middle;display:inline-block}<\/style>\t\t\t\t\t\t\t\t\t\t<img fetchpriority=\"high\" decoding=\"async\" width=\"1920\" height=\"1080\" src=\"https:\/\/argonauta.hr\/wp-content\/uploads\/2025\/08\/Argonauta-Edukacije-EkoPatrola-OS.jpg\" class=\"attachment-full size-full wp-image-55242\" alt=\"\" srcset=\"https:\/\/argonauta.hr\/wp-content\/uploads\/2025\/08\/Argonauta-Edukacije-EkoPatrola-OS.jpg 1920w, https:\/\/argonauta.hr\/wp-content\/uploads\/2025\/08\/Argonauta-Edukacije-EkoPatrola-OS-300x169.jpg 300w, https:\/\/argonauta.hr\/wp-content\/uploads\/2025\/08\/Argonauta-Edukacije-EkoPatrola-OS-768x432.jpg 768w, https:\/\/argonauta.hr\/wp-content\/uploads\/2025\/08\/Argonauta-Edukacije-EkoPatrola-OS-1024x576.jpg 1024w, https:\/\/argonauta.hr\/wp-content\/uploads\/2025\/08\/Argonauta-Edukacije-EkoPatrola-OS-1536x864.jpg 1536w, https:\/\/argonauta.hr\/wp-content\/uploads\/2025\/08\/Argonauta-Edukacije-EkoPatrola-OS-18x10.jpg 18w\" sizes=\"(max-width: 1920px) 100vw, 1920px\" \/>\t\t\t\t\t\t\t\t\t\t\t\t\t<\/div>\n\t\t\t\t<\/div>\n\t\t\t\t<div class=\"elementor-element elementor-element-3af7773 elementor-widget elementor-widget-spacer\" data-id=\"3af7773\" data-element_type=\"widget\" data-widget_type=\"spacer.default\">\n\t\t\t\t<div class=\"elementor-widget-container\">\n\t\t\t<style>\/*! elementor - v3.22.0 - 26-06-2024 *\/\n.elementor-column .elementor-spacer-inner{height:var(--spacer-size)}.e-con{--container-widget-width:100%}.e-con-inner>.elementor-widget-spacer,.e-con>.elementor-widget-spacer{width:var(--container-widget-width,var(--spacer-size));--align-self:var(--container-widget-align-self,initial);--flex-shrink:0}.e-con-inner>.elementor-widget-spacer>.elementor-widget-container,.e-con>.elementor-widget-spacer>.elementor-widget-container{height:100%;width:100%}.e-con-inner>.elementor-widget-spacer>.elementor-widget-container>.elementor-spacer,.e-con>.elementor-widget-spacer>.elementor-widget-container>.elementor-spacer{height:100%}.e-con-inner>.elementor-widget-spacer>.elementor-widget-container>.elementor-spacer>.elementor-spacer-inner,.e-con>.elementor-widget-spacer>.elementor-widget-container>.elementor-spacer>.elementor-spacer-inner{height:var(--container-widget-height,var(--spacer-size))}.e-con-inner>.elementor-widget-spacer.elementor-widget-empty,.e-con>.elementor-widget-spacer.elementor-widget-empty{position:relative;min-height:22px;min-width:22px}.e-con-inner>.elementor-widget-spacer.elementor-widget-empty .elementor-widget-empty-icon,.e-con>.elementor-widget-spacer.elementor-widget-empty .elementor-widget-empty-icon{position:absolute;top:0;bottom:0;left:0;right:0;margin:auto;padding:0;width:22px;height:22px}<\/style>\t\t<div class=\"elementor-spacer\">\n\t\t\t<div class=\"elementor-spacer-inner\"><\/div>\n\t\t<\/div>\n\t\t\t\t<\/div>\n\t\t\t\t<\/div>\n\t\t\t\t<div class=\"elementor-element elementor-element-6d5e0ef elementor-widget__width-inherit elementor-widget elementor-widget-text-editor\" data-id=\"6d5e0ef\" data-element_type=\"widget\" data-widget_type=\"text-editor.default\">\n\t\t\t\t<div class=\"elementor-widget-container\">\n\t\t\t<style>\/*! elementor - v3.22.0 - 26-06-2024 *\/\n.elementor-widget-text-editor.elementor-drop-cap-view-stacked .elementor-drop-cap{background-color:#69727d;color:#fff}.elementor-widget-text-editor.elementor-drop-cap-view-framed .elementor-drop-cap{color:#69727d;border:3px solid;background-color:transparent}.elementor-widget-text-editor:not(.elementor-drop-cap-view-default) .elementor-drop-cap{margin-top:8px}.elementor-widget-text-editor:not(.elementor-drop-cap-view-default) .elementor-drop-cap-letter{width:1em;height:1em}.elementor-widget-text-editor .elementor-drop-cap{float:left;text-align:center;line-height:1;font-size:50px}.elementor-widget-text-editor .elementor-drop-cap-letter{display:inline-block}<\/style>\t\t\t\t<p class=\" translation-block\">The Eco-Patrol was designed as an extracurricular activity for children, or rather, students in upper elementary school, with the aim of raising environmental awareness and love for the homeland. Its implementation began as part of the project \"Kornati - It's important to know about the sea\" back in 2015.<\/p>\t\t\t\t\t\t<\/div>\n\t\t\t\t<\/div>\n\t\t\t\t<div class=\"elementor-element elementor-element-0d9796a elementor-widget__width-inherit elementor-widget elementor-widget-text-editor\" data-id=\"0d9796a\" data-element_type=\"widget\" data-widget_type=\"text-editor.default\">\n\t\t\t\t<div class=\"elementor-widget-container\">\n\t\t\t\t\t\t\t<p class=\" translation-block\">The methodology used in the implementation of this program relies on informal learning methods such as: small group work, fieldwork, experiments, educational trips, interactive presentations, community actions and campaigns, treasure hunt games, games for creating group dynamics and increasing participants' concentration and motivation, etc.<\/p>\t\t\t\t\t\t<\/div>\n\t\t\t\t<\/div>\n\t\t\t\t<div class=\"elementor-element elementor-element-a15b8db elementor-widget__width-inherit elementor-widget elementor-widget-text-editor\" data-id=\"a15b8db\" data-element_type=\"widget\" data-widget_type=\"text-editor.default\">\n\t\t\t\t<div class=\"elementor-widget-container\">\n\t\t\t\t\t\t\t<p class=\" translation-block\">Eco-patrol topics touch on: nature and society, ecology, biology (marine), geography, chemistry, history (homeland), etc., they do not follow the school curricula in the mentioned subjects, but ideally complement them.<\/p>\t\t\t\t\t\t<\/div>\n\t\t\t\t<\/div>\n\t\t\t\t<div class=\"elementor-element elementor-element-c4d8fdb elementor-widget__width-inherit elementor-widget elementor-widget-text-editor\" data-id=\"c4d8fdb\" data-element_type=\"widget\" data-widget_type=\"text-editor.default\">\n\t\t\t\t<div class=\"elementor-widget-container\">\n\t\t\t\t\t\t\t<p class=\" translation-block\">We design the Eco-patrol program together within the association, using human resources from different professions and different professional experiences of our employees, external associates and volunteers. Depending on the annual plan, we use modules from the Blue Eco-patrol manual - Manual for implementing an extracurricular educational program for sustainable development or we design new ones.<\/p>\t\t\t\t\t\t<\/div>\n\t\t\t\t<\/div>\n\t\t\t\t<div class=\"elementor-element elementor-element-0764644 elementor-widget__width-inherit elementor-widget elementor-widget-text-editor\" data-id=\"0764644\" data-element_type=\"widget\" data-widget_type=\"text-editor.default\">\n\t\t\t\t<div class=\"elementor-widget-container\">\n\t\t\t\t\t\t\t<p class=\" translation-block\">A great contribution and international character to the Eco-patrol activities are made by volunteers from the European Voluntary Service. They participate equally in the creation and implementation of the program and each individual workshop, giving them their own personal touch, in accordance with their interests and skills.<\/p>\t\t\t\t\t\t<\/div>\n\t\t\t\t<\/div>\n\t\t\t\t<div class=\"elementor-element elementor-element-27a6fa8 elementor-widget__width-inherit elementor-widget elementor-widget-text-editor\" data-id=\"27a6fa8\" data-element_type=\"widget\" data-widget_type=\"text-editor.default\">\n\t\t\t\t<div class=\"elementor-widget-container\">\n\t\t\t\t\t\t\t<p class=\" translation-block\">The Eco-patrol is held during the school year, outside of school hours, on Saturday mornings, lasting 2 to 3 hours. The Eco-patrol members are students from the primary school that is included in the program. The Eco-patrol has 10 to 20 members, children\/students aged 10 to 14.<\/p>\t\t\t\t\t\t<\/div>\n\t\t\t\t<\/div>\n\t\t\t\t<div class=\"elementor-element elementor-element-9bfbca0 elementor-widget__width-inherit elementor-widget elementor-widget-text-editor\" data-id=\"9bfbca0\" data-element_type=\"widget\" data-widget_type=\"text-editor.default\">\n\t\t\t\t<div class=\"elementor-widget-container\">\n\t\t\t\t\t\t\t<p class=\" translation-block\">The Eco-patrol program activities are carried out (designed, planned and implemented) by a leader with the help of two volunteers.\nThe Eco-patrol educational program has a positive expert opinion from the Education and Training Agency, which confirms its quality and compliance with educational standards and recommends it as a valuable form of cooperation with schools and children.\nNote: This manual\/program was developed with the support of public funds and is available for free use for educational and non-commercial purposes. The author prohibits commercial use of the material and it is not allowed to charge end users for participation in the program or use of the manual content.<\/p>\t\t\t\t\t\t<\/div>\n\t\t\t\t<\/div>\n\t\t\t\t<div class=\"elementor-element elementor-element-1141da0 elementor-widget__width-inherit elementor-widget elementor-widget-text-editor\" data-id=\"1141da0\" data-element_type=\"widget\" data-widget_type=\"text-editor.default\">\n\t\t\t\t<div class=\"elementor-widget-container\">\n\t\t\t\t\t\t\t<p class=\" translation-block\"><span style=\"font-weight: 400\">For additional information, please contact the publisher of the Handbook by email: <\/span><a href=\"mailto:mail@argonauta.hr\" target=\"_self\"><span style=\"font-weight: 400\">mail@argonauta.hr<\/span><\/a><\/p>\t\t\t\t\t\t<\/div>\n\t\t\t\t<\/div>\n\t\t\t\t<\/div>\n\t\t\t\t<div class=\"elementor-element elementor-element-bc59afa elementor-absolute elementor-hidden-mobile elementor-widget elementor-widget-image\" data-id=\"bc59afa\" data-element_type=\"widget\" data-settings=\"{&quot;_position&quot;:&quot;absolute&quot;,&quot;motion_fx_motion_fx_mouse&quot;:&quot;yes&quot;,&quot;motion_fx_mouseTrack_effect&quot;:&quot;yes&quot;,&quot;motion_fx_mouseTrack_speed&quot;:{&quot;unit&quot;:&quot;px&quot;,&quot;size&quot;:1,&quot;sizes&quot;:[]}}\" data-widget_type=\"image.default\">\n\t\t\t\t<div class=\"elementor-widget-container\">\n\t\t\t\t\t\t\t\t\t\t\t\t\t<img decoding=\"async\" width=\"99\" height=\"87\" src=\"https:\/\/argonauta.hr\/wp-content\/uploads\/2025\/07\/Argonauta-shape5.png\" class=\"attachment-full size-full wp-image-54625\" alt=\"\" srcset=\"https:\/\/argonauta.hr\/wp-content\/uploads\/2025\/07\/Argonauta-shape5.png 99w, https:\/\/argonauta.hr\/wp-content\/uploads\/2025\/07\/Argonauta-shape5-14x12.png 14w\" sizes=\"(max-width: 99px) 100vw, 99px\" \/>\t\t\t\t\t\t\t\t\t\t\t\t\t<\/div>\n\t\t\t\t<\/div>\n\t\t\t\t<div class=\"elementor-element elementor-element-cded147 elementor-absolute elementor-hidden-mobile elementor-widget elementor-widget-image\" data-id=\"cded147\" data-element_type=\"widget\" data-settings=\"{&quot;_position&quot;:&quot;absolute&quot;,&quot;motion_fx_motion_fx_mouse&quot;:&quot;yes&quot;,&quot;motion_fx_mouseTrack_effect&quot;:&quot;yes&quot;,&quot;motion_fx_mouseTrack_direction&quot;:&quot;negative&quot;,&quot;motion_fx_mouseTrack_speed&quot;:{&quot;unit&quot;:&quot;px&quot;,&quot;size&quot;:1,&quot;sizes&quot;:[]}}\" data-widget_type=\"image.default\">\n\t\t\t\t<div class=\"elementor-widget-container\">\n\t\t\t\t\t\t\t\t\t\t\t\t\t<img decoding=\"async\" width=\"589\" height=\"379\" src=\"https:\/\/argonauta.hr\/wp-content\/uploads\/2025\/07\/Argonauta-shape1.png\" class=\"attachment-full size-full wp-image-54196\" alt=\"\" srcset=\"https:\/\/argonauta.hr\/wp-content\/uploads\/2025\/07\/Argonauta-shape1.png 589w, https:\/\/argonauta.hr\/wp-content\/uploads\/2025\/07\/Argonauta-shape1-300x193.png 300w, https:\/\/argonauta.hr\/wp-content\/uploads\/2025\/07\/Argonauta-shape1-18x12.png 18w\" sizes=\"(max-width: 589px) 100vw, 589px\" \/>\t\t\t\t\t\t\t\t\t\t\t\t\t<\/div>\n\t\t\t\t<\/div>\n\t\t\t\t<div class=\"elementor-element elementor-element-32a8406 elementor-absolute elementor-hidden-mobile elementor-widget elementor-widget-image\" data-id=\"32a8406\" data-element_type=\"widget\" data-settings=\"{&quot;_position&quot;:&quot;absolute&quot;,&quot;motion_fx_motion_fx_mouse&quot;:&quot;yes&quot;,&quot;motion_fx_mouseTrack_effect&quot;:&quot;yes&quot;,&quot;motion_fx_mouseTrack_speed&quot;:{&quot;unit&quot;:&quot;px&quot;,&quot;size&quot;:1,&quot;sizes&quot;:[]}}\" data-widget_type=\"image.default\">\n\t\t\t\t<div class=\"elementor-widget-container\">\n\t\t\t\t\t\t\t\t\t\t\t\t\t<img loading=\"lazy\" decoding=\"async\" width=\"239\" height=\"174\" src=\"https:\/\/argonauta.hr\/wp-content\/uploads\/2025\/07\/Argonauta-shape2.png\" class=\"attachment-full size-full wp-image-54197\" alt=\"\" srcset=\"https:\/\/argonauta.hr\/wp-content\/uploads\/2025\/07\/Argonauta-shape2.png 239w, https:\/\/argonauta.hr\/wp-content\/uploads\/2025\/07\/Argonauta-shape2-16x12.png 16w\" sizes=\"(max-width: 239px) 100vw, 239px\" \/>\t\t\t\t\t\t\t\t\t\t\t\t\t<\/div>\n\t\t\t\t<\/div>\n\t\t\t\t\t<\/div>\n\t\t\t\t<\/div>\n\t\t\t\t<\/div>","protected":false},"excerpt":{"rendered":"<p>Eko-patrola osmi\u0161ljena je kao izvan\u0161kolska aktivnost za djecu odnosno u\u010denike vi\u0161ih razreda osnovne \u0161kole, s ciljem podizanja ekolo\u0161ke svijesti i&#8230;<\/p>","protected":false},"author":1,"featured_media":0,"parent":0,"menu_order":0,"comment_status":"closed","ping_status":"closed","template":"","meta":{"footnotes":""},"class_list":["post-55241","page","type-page","status-publish","hentry"],"_links":{"self":[{"href":"https:\/\/argonauta.hr\/en\/wp-json\/wp\/v2\/pages\/55241","targetHints":{"allow":["GET"]}}],"collection":[{"href":"https:\/\/argonauta.hr\/en\/wp-json\/wp\/v2\/pages"}],"about":[{"href":"https:\/\/argonauta.hr\/en\/wp-json\/wp\/v2\/types\/page"}],"author":[{"embeddable":true,"href":"https:\/\/argonauta.hr\/en\/wp-json\/wp\/v2\/users\/1"}],"replies":[{"embeddable":true,"href":"https:\/\/argonauta.hr\/en\/wp-json\/wp\/v2\/comments?post=55241"}],"version-history":[{"count":28,"href":"https:\/\/argonauta.hr\/en\/wp-json\/wp\/v2\/pages\/55241\/revisions"}],"predecessor-version":[{"id":55442,"href":"https:\/\/argonauta.hr\/en\/wp-json\/wp\/v2\/pages\/55241\/revisions\/55442"}],"wp:attachment":[{"href":"https:\/\/argonauta.hr\/en\/wp-json\/wp\/v2\/media?parent=55241"}],"curies":[{"name":"wp","href":"https:\/\/api.w.org\/{rel}","templated":true}]}}